{"id":1043,"date":"2019-10-18T09:24:00","date_gmt":"2019-10-18T09:24:00","guid":{"rendered":"https:\/\/hdmk.hr\/bodies-of-society\/"},"modified":"2026-02-07T10:32:04","modified_gmt":"2026-02-07T10:32:04","slug":"bodies-of-society","status":"publish","type":"page","link":"https:\/\/hdmk.hr\/en\/bodies-of-society\/","title":{"rendered":"Bodies of Society"},"content":{"rendered":"\t\t<div data-elementor-type=\"wp-page\" data-elementor-id=\"1043\" class=\"elementor elementor-1043 elementor-116\" data-elementor-post-type=\"page\">\n\t\t\t\t\t\t<section class=\"elementor-section elementor-top-section elementor-element elementor-element-15f76ed elementor-section-boxed elementor-section-height-default elementor-section-height-default\" data-id=\"15f76ed\" data-element_type=\"section\" data-e-type=\"section\">\n\t\t\t\t\t\t<div class=\"elementor-container elementor-column-gap-default\">\n\t\t\t\t\t<div class=\"elementor-column elementor-col-100 elementor-top-column elementor-element elementor-element-5ce45fa\" data-id=\"5ce45fa\" data-element_type=\"column\" data-e-type=\"column\">\n\t\t\t<div class=\"elementor-widget-wrap elementor-element-populated\">\n\t\t\t\t\t\t<div class=\"elementor-element elementor-element-55b5703 elementor-widget elementor-widget-text-editor\" data-id=\"55b5703\" data-element_type=\"widget\" data-e-type=\"widget\" data-widget_type=\"text-editor.default\">\n\t\t\t\t<div class=\"elementor-widget-container\">\n\t\t\t\t\t\t\t\t\t<h5>President:<\/h5><ul><li style=\"font-size: 16px;\">Prof. Kre\u0161imir Buntak, PhD<\/li><\/ul><h5>Management Board:<span style=\"background-color: transparent; font-size: 16px;\">\u00a0<\/span><\/h5><ul><li style=\"font-size: 16px;\">Prof. Kre\u0161imir Buntak, PhD \u2013 President<\/li><li>Igor Bo\u017ei\u010devi\u0107, univ. spec. oec. &#8211; Secretary<\/li><li style=\"font-size: 16px;\">Assoc. prof. Miroslav Drlja\u010da, PhD &#8211; Vice president for international cooperation<\/li><li>Anita Zado Be\u0161ker, prof.<\/li><li>Mr. sc. Gabrijela Abramovi\u0107<\/li><li>Bla\u017eenka Vlahovi\u0107, univ. spec. oec.<\/li><li>Sanja Roj\u010devi\u0107, dipl. krim.<\/li><\/ul><h5>Supervising Board:<\/h5><ul><li>mr. sc. Dubravka Bel\u00e9 \u2013 President<\/li><li>Ivanka Lovren\u010di\u0107 Mikeli\u0107, PhD<\/li><li>Assoc. prof. Ivica Zdrili\u0107, PhD<\/li><\/ul><h5>Court of honour:<\/h5><ul><li style=\"font-size: 16px;\">Doc. Igor \u0160timac, PhD \u2013 President<\/li><li>Doc. Sanja Zambelli, PhD<\/li><li>Lana Modi\u0107, bacc. oec.<\/li><\/ul>\t\t\t\t\t\t\t\t<\/div>\n\t\t\t\t<\/div>\n\t\t\t\t\t<\/div>\n\t\t<\/div>\n\t\t\t\t\t<\/div>\n\t\t<\/section>\n\t\t\t\t<\/div>\n\t\t","protected":false},"excerpt":{"rendered":"<p>President: Prof. Kre\u0161imir Buntak, PhD Management Board:\u00a0 Prof. Kre\u0161imir Buntak, PhD \u2013 President Igor Bo\u017ei\u010devi\u0107, univ. spec. oec. &#8211; Secretary Assoc. prof. Miroslav Drlja\u010da, PhD &#8211; Vice president for international cooperation Anita Zado Be\u0161ker, prof. Mr. sc. Gabrijela Abramovi\u0107 Bla\u017eenka Vlahovi\u0107, univ. spec. oec. Sanja Roj\u010devi\u0107, dipl. krim. Supervising Board: mr. sc. Dubravka Bel\u00e9 \u2013 [&hellip;]<\/p>\n","protected":false},"author":3,"featured_media":0,"parent":0,"menu_order":0,"comment_status":"closed","ping_status":"closed","template":"","meta":{"footnotes":""},"class_list":["post-1043","page","type-page","status-publish","hentry"],"_links":{"self":[{"href":"https:\/\/hdmk.hr\/en\/wp-json\/wp\/v2\/pages\/1043","targetHints":{"allow":["GET"]}}],"collection":[{"href":"https:\/\/hdmk.hr\/en\/wp-json\/wp\/v2\/pages"}],"about":[{"href":"https:\/\/hdmk.hr\/en\/wp-json\/wp\/v2\/types\/page"}],"author":[{"embeddable":true,"href":"https:\/\/hdmk.hr\/en\/wp-json\/wp\/v2\/users\/3"}],"replies":[{"embeddable":true,"href":"https:\/\/hdmk.hr\/en\/wp-json\/wp\/v2\/comments?post=1043"}],"version-history":[{"count":5,"href":"https:\/\/hdmk.hr\/en\/wp-json\/wp\/v2\/pages\/1043\/revisions"}],"predecessor-version":[{"id":2705,"href":"https:\/\/hdmk.hr\/en\/wp-json\/wp\/v2\/pages\/1043\/revisions\/2705"}],"wp:attachment":[{"href":"https:\/\/hdmk.hr\/en\/wp-json\/wp\/v2\/media?parent=1043"}],"curies":[{"name":"wp","href":"https:\/\/api.w.org\/{rel}","templated":true}]}}